{"id":3,"date":"2021-04-16T10:26:16","date_gmt":"2021-04-16T10:26:16","guid":{"rendered":"https:\/\/bmsa.com.mx\/Site\/\/?page_id=3"},"modified":"2021-11-16T23:34:29","modified_gmt":"2021-11-16T23:34:29","slug":"politica-privacidad","status":"publish","type":"page","link":"https:\/\/bmsa.com.mx\/Site\/politica-privacidad\/","title":{"rendered":"Pol\u00edtica de privacidad"},"content":{"rendered":"<p><section id=\"bt_bb_section69e9d96f4fe43\"  class=\"bt_bb_section bt_bb_layout_boxed_1200 bt_bb_vertical_align_top\" style=\";background-color:rgb(0,82,131);\"><div class=\"bt_bb_port\"><div class=\"bt_bb_cell\"><div class=\"bt_bb_cell_inner\"><div class=\"bt_bb_row \"  data-bt-override-class=\"{}\"><div class=\"bt_bb_row_holder\" ><div  class=\"bt_bb_column col-xxl-12 col-xl-12 col-xs-12 col-sm-12 col-md-12 col-lg-12 bt_bb_vertical_align_top bt_bb_align_left bt_bb_padding_normal\" style=\"; --column-width:12;\" data-width=\"12\" data-bt-override-class=\"{}\"><div class=\"bt_bb_column_content\"><div class=\"bt_bb_column_content_inner\"><div class=\"bt_bb_separator bt_bb_border_style_none bt_bb_border_color_none bt_bb_top_spacing_80\" data-bt-override-class=\"null\"><\/div><div class=\"bt_bb_separator bt_bb_border_style_none bt_bb_border_color_none bt_bb_top_spacing_40\" data-bt-override-class=\"null\"><\/div><\/div><\/div><\/div><\/div><\/div><\/div><\/div><\/div><\/section><section id=\"bt_bb_section69e9d96f50099\"  class=\"bt_bb_section bt_bb_layout_boxed_1200\" ><div class=\"bt_bb_port\"><div class=\"bt_bb_cell\"><div class=\"bt_bb_cell_inner\"><div class=\"bt_bb_row \"  data-bt-override-class=\"{}\"><div class=\"bt_bb_row_holder\" ><div  class=\"bt_bb_column col-xxl-12 col-xl-12 col-xs-12 col-sm-12 col-md-12 col-lg-12 bt_bb_vertical_align_top bt_bb_align_left bt_bb_padding_normal\" style=\"; --column-width:12;\" data-width=\"12\" data-bt-override-class=\"{}\"><div class=\"bt_bb_column_content\"><div class=\"bt_bb_column_content_inner\"><div class=\"bt_bb_separator bt_bb_border_style_none bt_bb_border_color_none bt_bb_top_spacing_80\" data-bt-override-class=\"null\"><\/div><div  class=\"bt_bb_text\" ><\/p>\n<div class=\"col-12\">\n<div class=\"section-content section-content-space text-center\">\n<h4 class=\"section-title\" style=\"text-align: center;\"><b>Aviso de Privacidad de BEMSA SERVICES, S.A. de C.V.<\/b><\/h4>\n<h2 class=\"section-titleborderaviso\"><\/h2>\n<\/div>\n<\/div>\n<div class=\"col-12\">\n<p><b>I. Personas a las que les es aplicable este Aviso de Privacidad:\u00a0<\/b>El presente Aviso de Privacidad se presenta en cumplimiento a lo establecido en la Ley Federal de Protecci\u00f3n de Datos Personales en Posesi\u00f3n de los Particulares (la \u201cLey de Protecci\u00f3n de Datos\u201d) y es aplicable a todas y cada uno de las personas que laboran, que son pacientes de BEMSA SERVICES, S.A. de C.V incluyendo de manera enunciativa m\u00e1s no limitativa, (a) a las personas f\u00edsicas (los \u201cPacientes\u201d) que acuden a nuestras oficinas y sucursales fijas o cualquiera de nuestras sucursales ambulantes (las \u201cSucursales\u201d) a practicarse cualquier tipo de an\u00e1lisis o prueba de diagn\u00f3stico cl\u00ednico (las \u201cPruebas\u201d) y (b) a nuestros empleados, proveedores y clientes corporativos (los \u201cClientes \u201c) ya sean personas f\u00edsicas o morales que nos refieren a Pacientes para la realizaci\u00f3n de cualquier Prueba en cualquiera de nuestras Sucursales.<\/p>\n<p><b>II.- Responsable del tratamiento y manejo de los Datos Personales y los Datos Sensibles:<\/b>\u00a0BEMSA SERVICES, S.A. de C.V con domicilio en Calle Sur 126-A Numero 16, Colonia Cove, Delegaci\u00f3n \u00c1lvaro Obreg\u00f3n, M\u00e9xico, D.F. C.P. 01120.<\/p>\n<p><b>III.- Datos Personales que recaba BEMSA SERVICES, S.A. de C.V de sus Pacientes:<\/b>\u00a0Nombre, fecha de nacimiento, sexo, domicilio, n\u00famero telef\u00f3nico, correo electr\u00f3nico, registro federal de contribuyentes, datos de facturaci\u00f3n, datos de contacto del m\u00e9dico tratante.<\/p>\n<p><b>IV. Datos Sensibles que recaba u obtiene BEMSA SERVICES, S.A. de C.V de sus Pacientes:<\/b>\u00a0Historial Cl\u00ednica Ocupacional que nos es proporcionada por los Pacientes, informaci\u00f3n de padecimientos m\u00e9dicos y diagn\u00f3stico cl\u00ednico derivado de los resultados de las Pruebas practicadas al Paciente. En algunas ocasiones, dependiendo de las Pruebas a realizarse, BEMSA SERVICES, S.A. de C.V solicitar\u00e1 a las Pacientes de sexo femenino, informen si est\u00e1n embarazadas o si tienen la sospecha de estarlo.<\/p>\n<p>BEMSA SERVICES, S.A de C.V recaba datos de manera autom\u00e1tica y simult\u00e1nea al mismo tiempo que usted hace contacto con los m\u00e9dicos, a trav\u00e9s del uso de la tecnolog\u00eda, por medio de la plataforma ingenius.<\/p>\n<p><b>V.- Datos Personales de los Clientes Corporativos que recaba BEMSA SERVICES, S.A. de C.V:<\/b>\u00a0Nombre o denominaci\u00f3n social, domicilio, tel\u00e9fono, correo electr\u00f3nico, nombre del contacto comercial, nombre del representante legal, informaci\u00f3n corporativa relevante para t\u00e9rminos contractuales, informaci\u00f3n o datos de facturaci\u00f3n.<\/p>\n<p><b>VI.- Datos Personales de los EMPLEADOS DE BEMSA SERVICES, S.A. de C.V:\u00a0<\/b>nombre, domicilio, tel\u00e9fono particular y tel\u00e9fono celular, correo electr\u00f3nico, n\u00famero de cuenta bancaria y seguro social.<\/p>\n<p><b>VII.- Uso de Datos Personales y Datos Sensibles.\u00a0<\/b>En t\u00e9rminos de este Aviso de Privacidad y de conformidad con la Ley de Protecci\u00f3n de Datos, BEMSA SERVICES, S.A. de C.V. manifiesta que cuenta con las medidas y procedimientos necesarios para manejar la informaci\u00f3n de nuestros Pacientes, Clientes Corporativos y empleados de manera responsable y profesional evitando que la misma sea alterada, extraviada, destruida y\/o transmitida a terceros no autorizados, por lo que su informaci\u00f3n, ser\u00e1 utilizada por BEMSA SERVICES, S.A. de C.V exclusivamente para los fines para los que nos ha sido proporcionada y transmitida exclusivamente a las personas autorizadas para tales efectos por parte del Paciente. BMSA GROUP, S.A. de C.V. ha celebrado los contratos de confidencialidad necesarios con su personal, as\u00ed como con las distintas empresas con las que le prestan servicios por lo que todas las personas involucradas en el manejo de los Datos Personales y los Datos Sensibles de los Pacientes, empleados y de los Clientes Corporativos est\u00e1n obligadas a cumplir con los t\u00e9rminos de este Aviso de Privacidad.<\/p>\n<p><b>VIII.- Reconocimiento de Contenido y Aceptaci\u00f3n del Aviso de Privacidad:\u00a0<\/b>Mediante la realizaci\u00f3n, el Pago y la toma de las Pruebas solicitadas y\/o mediante la firma en cada solicitud de Pruebas el Cliente Corporativo y el Paciente reconocen estar al tanto del contenido del presente Aviso de Privacidad y manifiestan su consentimiento con el mismo y con los siguientes t\u00e9rminos y condiciones:<\/p>\n<p><b>A) BEMSA SERVICES, S.A. de C.V\u00a0<\/b>podr\u00e1 usar los resultados de las Pruebas de los Pacientes con fines estad\u00edsticos y\/o acad\u00e9micos, en el entendido que har\u00e1 uso del tipo de Pruebas y resultados sin identificaci\u00f3n de los Datos Personales del Paciente.<\/p>\n<p><b>B) <strong>BEMSA SERVICES, S.A de C.V <\/strong><\/b>podr\u00e1 hacer uso de la informaci\u00f3n del paciente para la creaci\u00f3n y conservaci\u00f3n del expediente cl\u00ednico f\u00edsico o electr\u00f3nico del paciente.<\/p>\n<p><b>C) BEMSA SERVICES, S.A. de C.V.\u00a0<\/b>podr\u00e1 revelar la informaci\u00f3n derivada de las Pruebas realizadas a cualquiera de sus empresas afiliadas, subsidiarias y\/o prestadoras de servicios relacionadas con la prestaci\u00f3n de los servicios por parte de BEMSA SERVICES, S.A. de C.V. bajo la entera responsabilidad de BEMSA SERVICES, S.A. de C.V<\/p>\n<p>D) El uso que\u00a0<b>BEMSA SERVICES, S.A. de C.V.<\/b>\u00a0dar\u00e1 a los Datos Personales de nuestros Pacientes y Clientes Corporativos ser\u00e1 el uso que cada uno nos permita de conformidad con las \u00f3rdenes de servicio y todos los documentos relacionados con las Pruebas a ser practicadas a cada uno de nuestros Pacientes. Por lo que BEMSA SERVICES, S.A. de C.V podr\u00e1 entregar Datos Personales y Datos Sensibles del Paciente a los terceros que expresamente sean autorizados por escrito por el mismo Paciente en cualquiera de los documentos que integren las solicitudes de Pruebas, en cuyo caso, BEMSA SERVICES, S.A. de C.V no tendr\u00e1 responsabilidad alguna derivada del trato y manejo que den dichos terceros a la informaci\u00f3n del Paciente a partir de su entrega.<\/p>\n<p>E) El Paciente y el Cliente Corporativo podr\u00e1n ejercer sus derechos de acceso, rectificaci\u00f3n, cancelaci\u00f3n y oposici\u00f3n mediante solicitud por escrito enviada al correo electr\u00f3nico contacto@bmsa.com.mx o por cualquier otra forma escrita indubitable.<\/p>\n<p>F) El Paciente acepta y reconoce ser el \u00fanico responsable de la veracidad de la informaci\u00f3n cl\u00ednica y m\u00e9dica que proporcione a\u00a0<b>BEMSA SERVICES, S.A. de C.V\u00a0<\/b>al momento de solicitar la elaboraci\u00f3n de las Pruebas.<\/p>\n<p>G) El presente Aviso de Privacidad es consistente con todos los documentos relacionados con la prestaci\u00f3n de servicios a que\u00a0<b>BEMSA SERVICES, S.A. de C.V<\/b>\u00a0est\u00e1 obligada frente al Paciente, en t\u00e9rminos de las solicitudes de Pruebas y frente al Cliente Corporativo en t\u00e9rminos de los contratos de servicios correspondientes.<\/p>\n<p>H) El presente Aviso de Privacidad est\u00e1 publicado en www.bmsa.com.mx<\/p>\n<p>En caso de cambios al presente Aviso de Privacidad, los mismos entrar\u00e1n en vigor y ser\u00e1n aplicables a partir de su publicaci\u00f3n en la p\u00e1gina web de\u00a0<b>BEMSA SERVICES, S.A. de C.V<\/b>\u00a0en el entendido que dichos cambios no podr\u00e1n ser aplicados a los servicios prestados con anterioridad a su publicaci\u00f3n. Los datos que Usted proporcione a\u00a0<b>BEMSA SERVICES, S.A. de C.V<\/b>\u00a0ser\u00e1n utilizados para fines estad\u00edsticos, para identificarlo, localizarlo y contactarlo; as\u00ed como cualquier otra finalidad an\u00e1loga a las aqu\u00ed establecidas estar\u00e1n protegidos por medidas de seguridad administrativas, t\u00e9cnicas y f\u00edsicas, para evitar su da\u00f1o, p\u00e9rdida, alteraci\u00f3n, destrucci\u00f3n, uso, acceso o divulgaci\u00f3n indebida.<\/p>\n<p><b>POLITICA DE PRIVACIDAD DE CORREO ELECTRONICO:<\/b>\u00a0Si recibi\u00f3 un mensaje de correo electr\u00f3nico de nuestra parte, ha sido porque su direcci\u00f3n de correo electr\u00f3nico aparece en nuestra lista debido a que usted la proporcion\u00f3 intencionalmente para recibir informaci\u00f3n en el futuro (ha optado por ello) o se ha registrado o ha realizado una compra o tiene alguna una relaci\u00f3n existente con nosotros.<\/p>\n<p><b>C\u00d3MO PROTEGEMOS SU PRIVACIDAD:<\/b> Utilizamos medidas de seguridad para proteger los datos personales contra la p\u00e9rdida, el mal uso y la alteraci\u00f3n de informaci\u00f3n utilizada en nuestro sistema, conforme nuestro AVISO DE PRIVACIDAD publicado en esta secci\u00f3n. Usamos m\u00e9todos de seguridad como AES, nuestros m\u00e9dicos hacen uso de un usuario y contrase\u00f1a para poder tener acceso a nuestra plataforma, los cuales son controlados por nuestra \u00e1rea de seguridad de la empresa.<\/p>\n<p><b>\u00bfC\u00d3MO PUEDE DEJAR DE RECIBIR CORREO ELECTR\u00d3NICO DE NUESTRA PARTE? :\u00a0<\/b>Cada mensaje de correo electr\u00f3nico enviado contiene una manera sencilla y automatizada de dejar de recibir dichos mensajes o cambiar sus intereses. Si desea hacerlo, simplemente siga las instrucciones al final de cualquier mensaje de correo electr\u00f3nico.<\/p>\n<p>Si ha recibido correo electr\u00f3nico no deseado y no solicitado mediante este sistema o que aparenta haber sido enviado por medio de este sistema, s\u00edrvase reenviar una copia de dicho correo con sus comentarios a\u00a0<a href=\"mailto:%20contacto@bmsa.mx\">contacto@bmsa.mx<\/a>\u00a0para que podamos revisarlo.<\/p>\n<\/div>\n<p>\n<\/div><div class=\"bt_bb_separator bt_bb_border_style_none bt_bb_border_color_none bt_bb_top_spacing_80\" data-bt-override-class=\"null\"><\/div><\/div><\/div><\/div><\/div><\/div><\/div><\/div><\/div><\/section><\/p>\n","protected":false},"excerpt":{"rendered":"","protected":false},"author":2,"featured_media":0,"parent":0,"menu_order":0,"comment_status":"closed","ping_status":"open","template":"","meta":{"inline_featured_image":false,"footnotes":""},"class_list":["post-3","page","type-page","status-publish","hentry"],"_links":{"self":[{"href":"https:\/\/bmsa.com.mx\/Site\/wp-json\/wp\/v2\/pages\/3","targetHints":{"allow":["GET"]}}],"collection":[{"href":"https:\/\/bmsa.com.mx\/Site\/wp-json\/wp\/v2\/pages"}],"about":[{"href":"https:\/\/bmsa.com.mx\/Site\/wp-json\/wp\/v2\/types\/page"}],"author":[{"embeddable":true,"href":"https:\/\/bmsa.com.mx\/Site\/wp-json\/wp\/v2\/users\/2"}],"replies":[{"embeddable":true,"href":"https:\/\/bmsa.com.mx\/Site\/wp-json\/wp\/v2\/comments?post=3"}],"version-history":[{"count":13,"href":"https:\/\/bmsa.com.mx\/Site\/wp-json\/wp\/v2\/pages\/3\/revisions"}],"predecessor-version":[{"id":4720,"href":"https:\/\/bmsa.com.mx\/Site\/wp-json\/wp\/v2\/pages\/3\/revisions\/4720"}],"wp:attachment":[{"href":"https:\/\/bmsa.com.mx\/Site\/wp-json\/wp\/v2\/media?parent=3"}],"curies":[{"name":"wp","href":"https:\/\/api.w.org\/{rel}","templated":true}]}}